{"id":73,"date":"2013-06-17T12:17:14","date_gmt":"2013-06-17T12:17:14","guid":{"rendered":"http:\/\/capassm.com.br\/site\/?page_id=73"},"modified":"2024-06-10T23:44:32","modified_gmt":"2024-06-10T23:44:32","slug":"capas-automotivas","status":"publish","type":"page","link":"https:\/\/capassm.com.br\/site\/capas-automotivas\/","title":{"rendered":"Capas Automotivas"},"content":{"rendered":"\t\t<div data-elementor-type=\"wp-page\" data-elementor-id=\"73\" class=\"elementor elementor-73\">\n\t\t\t\t\t\t<section class=\"elementor-section elementor-top-section elementor-element elementor-element-396e408 elementor-section-boxed elementor-section-height-default elementor-section-height-default elementor-invisible\" data-id=\"396e408\" data-element_type=\"section\" data-settings=\"{&quot;animation&quot;:&quot;fadeInDown&quot;}\">\n\t\t\t\t\t\t<div class=\"elementor-container elementor-column-gap-default\">\n\t\t\t\t\t<div class=\"elementor-column elementor-col-50 elementor-top-column elementor-element elementor-element-fc865d1\" data-id=\"fc865d1\" data-element_type=\"column\" data-settings=\"{&quot;background_background&quot;:&quot;classic&quot;}\">\n\t\t\t<div class=\"elementor-widget-wrap elementor-element-populated\">\n\t\t\t\t\t\t<div class=\"elementor-element elementor-element-deb6ba4 elementor-widget elementor-widget-image\" data-id=\"deb6ba4\" data-element_type=\"widget\" data-widget_type=\"image.default\">\n\t\t\t\t<div class=\"elementor-widget-container\">\n\t\t\t\t\t\t\t\t\t\t\t\t\t<img fetchpriority=\"high\" decoding=\"async\" width=\"746\" height=\"506\" src=\"https:\/\/capassm.com.br\/site\/wp-content\/uploads\/2024\/05\/Captura-de-tela-2023-04-22-122926.jpg\" class=\"attachment-large size-large wp-image-1933\" alt=\"\" srcset=\"https:\/\/capassm.com.br\/site\/wp-content\/uploads\/2024\/05\/Captura-de-tela-2023-04-22-122926.jpg 746w, https:\/\/capassm.com.br\/site\/wp-content\/uploads\/2024\/05\/Captura-de-tela-2023-04-22-122926-300x203.jpg 300w\" sizes=\"(max-width: 746px) 100vw, 746px\" \/>\t\t\t\t\t\t\t\t\t\t\t\t\t<\/div>\n\t\t\t\t<\/div>\n\t\t\t\t\t<\/div>\n\t\t<\/div>\n\t\t\t\t<div class=\"elementor-column elementor-col-50 elementor-top-column elementor-element elementor-element-6c162f3\" data-id=\"6c162f3\" data-element_type=\"column\" data-settings=\"{&quot;background_background&quot;:&quot;classic&quot;}\">\n\t\t\t<div class=\"elementor-widget-wrap elementor-element-populated\">\n\t\t\t\t\t\t<div class=\"elementor-element elementor-element-94b824f elementor-widget elementor-widget-text-editor\" data-id=\"94b824f\" data-element_type=\"widget\" data-widget_type=\"text-editor.default\">\n\t\t\t\t<div class=\"elementor-widget-container\">\n\t\t\t\t\t\t\t<p dir=\"ltr\" style=\"line-height:1.92;background-color:#ffffff;margin-top:0pt;margin-bottom:0pt;padding:0pt 0pt 12pt 0pt;\"><span style=\"background-color: transparent; color: rgb(33, 62, 119); font-family: Arial, sans-serif; font-size: 14pt; white-space: pre-wrap; text-align: justify;\">N\u00f3s das <b><i>Capas SM<\/i><\/b>, Estamos empenhados em fornecer capas automotivas de alta qualidade, desenvolvidas com os mais rigorosos crit\u00e9rios de qualidade e materiais de alta resist\u00eancia. Nossas capas s\u00e3o projetadas para garantir que seu ve\u00edculo mantenha uma pintura sempre nova, protegendo-o de ac\u00famulo de poeira e outros agentes poluentes que podem danificar a pintura ao longo do tempo. Fabricadas com 100% de poli\u00e9ster , nossas capas s\u00e3o dur\u00e1veis, f\u00e1ceis de instalar e podem ser lavadas quando necess\u00e1rio. Conhe\u00e7a nosso diferencial:<\/span><\/p><span><p dir=\"ltr\" style=\"line-height:1.295;text-align: justify;margin-top:0pt;margin-bottom:8pt;\"><span style=\"font-size: 14pt; font-family: Arial, sans-serif; color: rgb(33, 62, 119); background-color: transparent; font-variant-numeric: normal; font-variant-east-asian: normal; font-variant-alternates: normal; vertical-align: baseline; white-space: pre-wrap;\">\u2022<\/span><span style=\"font-size: 12pt; font-family: Arial, sans-serif; color: rgb(33, 62, 119); background-color: transparent; font-weight: 700; font-style: italic; font-variant-numeric: normal; font-variant-east-asian: normal; font-variant-alternates: normal; vertical-align: baseline; white-space: pre-wrap;\"> MATERIAL DE ALTA QUALIDADE&nbsp;<\/span><\/p><p dir=\"ltr\" style=\"line-height:1.295;text-align: justify;margin-top:0pt;margin-bottom:8pt;\"><span style=\"font-size: 12pt; font-family: Arial, sans-serif; color: rgb(33, 62, 119); background-color: transparent; font-weight: 700; font-style: italic; font-variant-numeric: normal; font-variant-east-asian: normal; font-variant-alternates: normal; vertical-align: baseline; white-space: pre-wrap;\">\u2022 F\u00c1CIL INSTALA\u00c7\u00c3O&nbsp;<\/span><\/p><p dir=\"ltr\" style=\"line-height:1.295;text-align: justify;margin-top:0pt;margin-bottom:8pt;\"><span style=\"font-size: 12pt; font-family: Arial, sans-serif; color: rgb(33, 62, 119); background-color: transparent; font-weight: 700; font-style: italic; font-variant-numeric: normal; font-variant-east-asian: normal; font-variant-alternates: normal; vertical-align: baseline; white-space: pre-wrap;\">\u2022 PODE SER LAVADA&nbsp;<\/span><\/p><p dir=\"ltr\" style=\"line-height:1.295;text-align: justify;margin-top:0pt;margin-bottom:8pt;\"><span style=\"font-size: 12pt; font-family: Arial, sans-serif; color: rgb(33, 62, 119); background-color: transparent; font-weight: 700; font-style: italic; font-variant-numeric: normal; font-variant-east-asian: normal; font-variant-alternates: normal; vertical-align: baseline; white-space: pre-wrap;\">\u2022 FEITA EM 100% POLI\u00c9STER E ESPUMA INTERNA EM POLIURETANO&nbsp;<\/span><\/p><p dir=\"ltr\" style=\"line-height:1.295;text-align: justify;margin-top:0pt;margin-bottom:8pt;\"><span style=\"font-size: 12pt; font-family: Arial, sans-serif; color: rgb(33, 62, 119); background-color: transparent; font-weight: 700; font-style: italic; font-variant-numeric: normal; font-variant-east-asian: normal; font-variant-alternates: normal; vertical-align: baseline; white-space: pre-wrap;\">\u2022 EXCLUSIVO SISTEMA DE FIXA\u00c7\u00c3O&nbsp;<\/span><\/p><span style=\"font-size: 12pt; font-family: Arial, sans-serif; color: rgb(33, 62, 119); background-color: transparent; font-weight: 700; font-style: italic; font-variant-numeric: normal; font-variant-east-asian: normal; font-variant-alternates: normal; vertical-align: baseline; white-space: pre-wrap;\">\u2022 CAPA EXTERNA:<\/span><span style=\"font-size: 14pt; font-family: Arial, sans-serif; color: rgb(33, 62, 119); background-color: transparent; font-variant-numeric: normal; font-variant-east-asian: normal; font-variant-alternates: normal; vertical-align: baseline; white-space: pre-wrap;\"> Protege seu ve\u00edculo dos raios solares, ac\u00famulo de p\u00f3 e outros agentes poluentes, que se acumulam na pintura. <\/span><\/span>\n<p><\/p>\t\t\t\t\t\t<\/div>\n\t\t\t\t<\/div>\n\t\t\t\t\t<\/div>\n\t\t<\/div>\n\t\t\t\t\t<\/div>\n\t\t<\/section>\n\t\t\t\t<section class=\"elementor-section elementor-top-section elementor-element elementor-element-c05928a elementor-section-boxed elementor-section-height-default elementor-section-height-default elementor-invisible\" data-id=\"c05928a\" data-element_type=\"section\" data-settings=\"{&quot;animation&quot;:&quot;fadeInDown&quot;}\">\n\t\t\t\t\t\t<div class=\"elementor-container elementor-column-gap-default\">\n\t\t\t\t\t<div class=\"elementor-column elementor-col-100 elementor-top-column elementor-element elementor-element-73d353b\" data-id=\"73d353b\" data-element_type=\"column\">\n\t\t\t<div class=\"elementor-widget-wrap elementor-element-populated\">\n\t\t\t\t\t\t<div class=\"elementor-element elementor-element-1dcf12e elementor-arrows-position-inside elementor-widget elementor-widget-image-carousel\" data-id=\"1dcf12e\" data-element_type=\"widget\" data-settings=\"{&quot;slides_to_show&quot;:&quot;7&quot;,&quot;navigation&quot;:&quot;arrows&quot;,&quot;autoplay&quot;:&quot;yes&quot;,&quot;pause_on_hover&quot;:&quot;yes&quot;,&quot;pause_on_interaction&quot;:&quot;yes&quot;,&quot;autoplay_speed&quot;:5000,&quot;infinite&quot;:&quot;yes&quot;,&quot;speed&quot;:500}\" data-widget_type=\"image-carousel.default\">\n\t\t\t\t<div class=\"elementor-widget-container\">\n\t\t\t\t\t<div class=\"elementor-image-carousel-wrapper swiper\" dir=\"ltr\">\n\t\t\t<div class=\"elementor-image-carousel swiper-wrapper\" aria-live=\"off\">\n\t\t\t\t\t\t\t\t<div class=\"swiper-slide\" role=\"group\" aria-roledescription=\"slide\" aria-label=\"1 de 14\"><figure class=\"swiper-slide-inner\"><img decoding=\"async\" class=\"swiper-slide-image\" src=\"https:\/\/capassm.com.br\/site\/wp-content\/uploads\/2013\/06\/cropped-cropped-cropped-carro-16-1-2-150x150.jpg\" alt=\"BMW\" \/><\/figure><\/div><div class=\"swiper-slide\" role=\"group\" aria-roledescription=\"slide\" aria-label=\"2 de 14\"><figure class=\"swiper-slide-inner\"><img decoding=\"async\" class=\"swiper-slide-image\" src=\"https:\/\/capassm.com.br\/site\/wp-content\/uploads\/2013\/06\/cropped-carro-13-150x150.jpg\" alt=\"cropped-carro-13.jpg\" \/><\/figure><\/div><div class=\"swiper-slide\" role=\"group\" aria-roledescription=\"slide\" aria-label=\"3 de 14\"><figure class=\"swiper-slide-inner\"><img decoding=\"async\" class=\"swiper-slide-image\" src=\"https:\/\/capassm.com.br\/site\/wp-content\/uploads\/2013\/06\/cropped-foto068-150x150.jpg\" alt=\"Audi\" \/><\/figure><\/div><div class=\"swiper-slide\" role=\"group\" aria-roledescription=\"slide\" aria-label=\"4 de 14\"><figure class=\"swiper-slide-inner\"><img decoding=\"async\" class=\"swiper-slide-image\" src=\"https:\/\/capassm.com.br\/site\/wp-content\/uploads\/2013\/06\/cropped-carro-3-150x150.jpg\" alt=\"Camaro\" \/><\/figure><\/div><div class=\"swiper-slide\" role=\"group\" aria-roledescription=\"slide\" aria-label=\"5 de 14\"><figure class=\"swiper-slide-inner\"><img decoding=\"async\" class=\"swiper-slide-image\" src=\"https:\/\/capassm.com.br\/site\/wp-content\/uploads\/2013\/06\/cropped-carro-15-150x150.jpg\" alt=\"cropped-carro-15.jpg\" \/><\/figure><\/div><div class=\"swiper-slide\" role=\"group\" aria-roledescription=\"slide\" aria-label=\"6 de 14\"><figure class=\"swiper-slide-inner\"><img decoding=\"async\" class=\"swiper-slide-image\" src=\"https:\/\/capassm.com.br\/site\/wp-content\/uploads\/2013\/06\/cropped-carro-20-150x150.jpg\" alt=\"Mercedes\" \/><\/figure><\/div><div class=\"swiper-slide\" role=\"group\" aria-roledescription=\"slide\" aria-label=\"7 de 14\"><figure class=\"swiper-slide-inner\"><img decoding=\"async\" class=\"swiper-slide-image\" src=\"https:\/\/capassm.com.br\/site\/wp-content\/uploads\/2013\/06\/cropped-cropped-cropped-cropped-foto067-150x150.jpg\" alt=\"cropped-cropped-cropped-cropped-foto067.jpg\" \/><\/figure><\/div><div class=\"swiper-slide\" role=\"group\" aria-roledescription=\"slide\" aria-label=\"8 de 14\"><figure class=\"swiper-slide-inner\"><img decoding=\"async\" class=\"swiper-slide-image\" src=\"https:\/\/capassm.com.br\/site\/wp-content\/uploads\/2013\/06\/cropped-carro-14-150x150.jpg\" alt=\"Camaro\" \/><\/figure><\/div><div class=\"swiper-slide\" role=\"group\" aria-roledescription=\"slide\" aria-label=\"9 de 14\"><figure class=\"swiper-slide-inner\"><img decoding=\"async\" class=\"swiper-slide-image\" src=\"https:\/\/capassm.com.br\/site\/wp-content\/uploads\/2013\/06\/cropped-capm01-150x150.jpg\" alt=\"cropped-capm01.jpg\" \/><\/figure><\/div><div class=\"swiper-slide\" role=\"group\" aria-roledescription=\"slide\" aria-label=\"10 de 14\"><figure class=\"swiper-slide-inner\"><img decoding=\"async\" class=\"swiper-slide-image\" src=\"https:\/\/capassm.com.br\/site\/wp-content\/uploads\/2013\/06\/carro-19-150x150.jpg\" alt=\"carro (19)\" \/><\/figure><\/div><div class=\"swiper-slide\" role=\"group\" aria-roledescription=\"slide\" aria-label=\"11 de 14\"><figure class=\"swiper-slide-inner\"><img decoding=\"async\" class=\"swiper-slide-image\" src=\"https:\/\/capassm.com.br\/site\/wp-content\/uploads\/2013\/06\/carro-5-150x150.jpg\" alt=\"Audi\" \/><\/figure><\/div><div class=\"swiper-slide\" role=\"group\" aria-roledescription=\"slide\" aria-label=\"12 de 14\"><figure class=\"swiper-slide-inner\"><img decoding=\"async\" class=\"swiper-slide-image\" src=\"https:\/\/capassm.com.br\/site\/wp-content\/uploads\/2013\/06\/carro-10-e1431470979935-150x150.jpg\" alt=\"Ferrari\" \/><\/figure><\/div><div class=\"swiper-slide\" role=\"group\" aria-roledescription=\"slide\" aria-label=\"13 de 14\"><figure class=\"swiper-slide-inner\"><img decoding=\"async\" class=\"swiper-slide-image\" src=\"https:\/\/capassm.com.br\/site\/wp-content\/uploads\/2013\/06\/carro-3-150x150.jpg\" alt=\"Mustang\" \/><\/figure><\/div><div class=\"swiper-slide\" role=\"group\" aria-roledescription=\"slide\" aria-label=\"14 de 14\"><figure class=\"swiper-slide-inner\"><img decoding=\"async\" class=\"swiper-slide-image\" src=\"https:\/\/capassm.com.br\/site\/wp-content\/uploads\/2013\/06\/carro-6-e1431470942573-150x150.jpg\" alt=\"carro (6)\" \/><\/figure><\/div>\t\t\t<\/div>\n\t\t\t\t\t\t\t\t\t\t\t\t<div class=\"elementor-swiper-button elementor-swiper-button-prev\" role=\"button\" tabindex=\"0\">\n\t\t\t\t\t\t<i aria-hidden=\"true\" class=\"fas fa-arrow-circle-left\"><\/i>\t\t\t\t\t<\/div>\n\t\t\t\t\t<div class=\"elementor-swiper-button elementor-swiper-button-next\" role=\"button\" tabindex=\"0\">\n\t\t\t\t\t\t<i aria-hidden=\"true\" class=\"fas fa-arrow-circle-right\"><\/i>\t\t\t\t\t<\/div>\n\t\t\t\t\n\t\t\t\t\t\t\t\t\t<\/div>\n\t\t\t\t<\/div>\n\t\t\t\t<\/div>\n\t\t\t\t\t<\/div>\n\t\t<\/div>\n\t\t\t\t\t<\/div>\n\t\t<\/section>\n\t\t\t\t<section class=\"elementor-section elementor-top-section elementor-element elementor-element-c111bab elementor-section-full_width elementor-section-stretched ops-section elementor-section-height-default elementor-section-height-default\" data-id=\"c111bab\" data-element_type=\"section\" data-settings=\"{&quot;background_background&quot;:&quot;classic&quot;,&quot;stretch_section&quot;:&quot;section-stretched&quot;,&quot;ekit_has_onepagescroll&quot;:&quot;section&quot;}\">\n\t\t\t\t\t\t<div class=\"elementor-container elementor-column-gap-default\">\n\t\t\t\t\t<div class=\"elementor-column elementor-col-33 elementor-top-column elementor-element elementor-element-f1ffc30\" data-id=\"f1ffc30\" data-element_type=\"column\">\n\t\t\t<div class=\"elementor-widget-wrap elementor-element-populated\">\n\t\t\t\t\t\t<div class=\"elementor-element elementor-element-cd38fbf elementor-widget elementor-widget-text-editor\" data-id=\"cd38fbf\" data-element_type=\"widget\" data-widget_type=\"text-editor.default\">\n\t\t\t\t<div class=\"elementor-widget-container\">\n\t\t\t\t\t\t\t<p><em><span style=\"color: #ffffff;\"><strong>Capas sob medida para proteger o suas conquistas.<\/strong><\/span><\/em><\/p>\t\t\t\t\t\t<\/div>\n\t\t\t\t<\/div>\n\t\t\t\t<div class=\"elementor-element elementor-element-6b7798a elementor-widget elementor-widget-image\" data-id=\"6b7798a\" data-element_type=\"widget\" data-widget_type=\"image.default\">\n\t\t\t\t<div class=\"elementor-widget-container\">\n\t\t\t\t\t\t\t\t\t\t\t\t\t\t<a href=\"https:\/\/wpmet.com\/plugin\/elementskit\/\">\n\t\t\t\t\t\t\t<img decoding=\"async\" width=\"120\" height=\"132\" src=\"https:\/\/capassm.com.br\/site\/wp-content\/uploads\/2020\/11\/cropped-cropped-cropped-LOGO-RA-1-1-e1716737910799.png\" class=\"attachment-full size-full wp-image-1709\" alt=\"\" \/>\t\t\t\t\t\t\t\t<\/a>\n\t\t\t\t\t\t\t\t\t\t\t\t\t<\/div>\n\t\t\t\t<\/div>\n\t\t\t\t<div class=\"elementor-element elementor-element-29adbd1 elementor-widget elementor-widget-elementskit-social-media\" data-id=\"29adbd1\" data-element_type=\"widget\" data-widget_type=\"elementskit-social-media.default\">\n\t\t\t\t<div class=\"elementor-widget-container\">\n\t\t\t<div class=\"ekit-wid-con\" >\t\t\t <ul class=\"ekit_social_media\">\n\t\t\t\t\t\t\t\t\t\t\t\t\t\t<li class=\"elementor-repeater-item-da8f4de\">\n\t\t\t\t\t    <a\n\t\t\t\t\t\thref=\"#\" aria-label=\"Facebook\" class=\"f\" >\n\t\t\t\t\t\t\t\t\t\t\t\t\t\t\n\t\t\t\t\t\t\t<i aria-hidden=\"true\" class=\"fab fa-facebook-f\"><\/i>\t\t\t\t\t\t\t\t\t\n                                                                                                            <\/a>\n                    <\/li>\n                    \t\t\t\t\t\t\t\t\t\t\t\t\t\t<li class=\"elementor-repeater-item-1399011\">\n\t\t\t\t\t    <a\n\t\t\t\t\t\thref=\"#\" aria-label=\"Twitter\" class=\"twitter\" >\n\t\t\t\t\t\t\t\t\t\t\t\t\t\t\n\t\t\t\t\t\t\t<i aria-hidden=\"true\" class=\"fab fa-twitter\"><\/i>\t\t\t\t\t\t\t\t\t\n                                                                                                            <\/a>\n                    <\/li>\n                    \t\t\t\t\t\t\t\t\t\t\t\t\t\t<li class=\"elementor-repeater-item-8f886e8\">\n\t\t\t\t\t    <a\n\t\t\t\t\t\thref=\"#\" aria-label=\"LinkedIn\" class=\"in\" >\n\t\t\t\t\t\t\t\t\t\t\t\t\t\t\n\t\t\t\t\t\t\t<i aria-hidden=\"true\" class=\"fab fa-linkedin-in\"><\/i>\t\t\t\t\t\t\t\t\t\n                                                                                                            <\/a>\n                    <\/li>\n                    \t\t\t\t\t\t\t\t\t\t\t\t\t\t<li class=\"elementor-repeater-item-048c536\">\n\t\t\t\t\t    <a\n\t\t\t\t\t\thref=\"#\" aria-label=\"dribbble\" class=\"dribbble\" >\n\t\t\t\t\t\t\t\t\t\t\t\t\t\t\n\t\t\t\t\t\t\t<i aria-hidden=\"true\" class=\"fab fa-dribbble\"><\/i>\t\t\t\t\t\t\t\t\t\n                                                                                                            <\/a>\n                    <\/li>\n                    \t\t\t\t\t\t\t\t\t\t\t\t\t\t<li class=\"elementor-repeater-item-c8596be\">\n\t\t\t\t\t    <a\n\t\t\t\t\t\thref=\"#\" aria-label=\"Instagram\" class=\"instagram\" >\n\t\t\t\t\t\t\t\t\t\t\t\t\t\t\n\t\t\t\t\t\t\t<i aria-hidden=\"true\" class=\"fab fa-instagram\"><\/i>\t\t\t\t\t\t\t\t\t\n                                                                                                            <\/a>\n                    <\/li>\n                    \t\t\t\t\t\t\t<\/ul>\n\t\t<\/div>\t\t<\/div>\n\t\t\t\t<\/div>\n\t\t\t\t\t<\/div>\n\t\t<\/div>\n\t\t\t\t<div class=\"elementor-column elementor-col-33 elementor-top-column elementor-element elementor-element-bb58f5f\" data-id=\"bb58f5f\" data-element_type=\"column\">\n\t\t\t<div class=\"elementor-widget-wrap elementor-element-populated\">\n\t\t\t\t\t\t<div class=\"elementor-element elementor-element-2a0f4d7 elementor-view-default elementor-widget elementor-widget-icon\" data-id=\"2a0f4d7\" data-element_type=\"widget\" data-widget_type=\"icon.default\">\n\t\t\t\t<div class=\"elementor-widget-container\">\n\t\t\t\t\t<div class=\"elementor-icon-wrapper\">\n\t\t\t<div class=\"elementor-icon\">\n\t\t\t<i aria-hidden=\"true\" class=\"far fa-address-card\"><\/i>\t\t\t<\/div>\n\t\t<\/div>\n\t\t\t\t<\/div>\n\t\t\t\t<\/div>\n\t\t\t\t<div class=\"elementor-element elementor-element-d00fec8 elementor-widget elementor-widget-text-editor\" data-id=\"d00fec8\" data-element_type=\"widget\" data-widget_type=\"text-editor.default\">\n\t\t\t\t<div class=\"elementor-widget-container\">\n\t\t\t\t\t\t\t<p class=\"MsoNormal\" style=\"margin-bottom: 0cm; line-height: normal; background-image: initial; background-position: initial; background-size: initial; background-repeat: initial; background-attachment: initial; background-origin: initial; background-clip: initial;\"><b><span style=\"font-size:13.5pt;font-family:&quot;Open Sans&quot;,sans-serif;\nmso-fareast-font-family:&quot;Times New Roman&quot;;color:white;mso-font-kerning:0pt;\nmso-ligatures:none;mso-fareast-language:PT-BR\">Comercial: Segunda a Sexta, das\n8 \u00e0s 18hs<\/span><\/b><b><span style=\"font-size:13.5pt;font-family:&quot;Open Sans&quot;,sans-serif;\nmso-fareast-font-family:&quot;Times New Roman&quot;;color:#17252A;mso-font-kerning:0pt;\nmso-ligatures:none;mso-fareast-language:PT-BR\"><br>\n<br>\n<\/span><\/b><b><span style=\"font-size:13.5pt;font-family:&quot;Open Sans&quot;,sans-serif;\nmso-fareast-font-family:&quot;Times New Roman&quot;;color:white;mso-font-kerning:0pt;\nmso-ligatures:none;mso-fareast-language:PT-BR\">E-mail: <\/span><\/b><b><span style=\"font-size:13.5pt;font-family:&quot;Open Sans&quot;,sans-serif;mso-fareast-font-family:\n&quot;Times New Roman&quot;;color:white;mso-themecolor:background1;mso-font-kerning:0pt;\nmso-ligatures:none;mso-fareast-language:PT-BR\"><a href=\"mailto:capassm@yahoo.com.br\"><span style=\"color:white;mso-themecolor:\nbackground1\">capassm@yahoo.com.br<\/span><\/a><\/span><\/b><b><span style=\"font-size:13.5pt;font-family:&quot;Open Sans&quot;,sans-serif;mso-fareast-font-family:\n&quot;Times New Roman&quot;;color:#17252A;mso-font-kerning:0pt;mso-ligatures:none;\nmso-fareast-language:PT-BR\"><br>\n<br>\n<\/span><\/b><b><span style=\"font-size:13.5pt;font-family:&quot;Open Sans&quot;,sans-serif;\nmso-fareast-font-family:&quot;Times New Roman&quot;;color:white;mso-font-kerning:0pt;\nmso-ligatures:none;mso-fareast-language:PT-BR\">WhatsApp: (11) 9.4739-2760<\/span><\/b><b><span style=\"font-size:13.5pt;font-family:&quot;Open Sans&quot;,sans-serif;mso-fareast-font-family:\n&quot;Times New Roman&quot;;color:#17252A;mso-font-kerning:0pt;mso-ligatures:none;\nmso-fareast-language:PT-BR\"><br>\n<br>\n<\/span><\/b><b><span style=\"font-size:13.5pt;font-family:&quot;Open Sans&quot;,sans-serif;\nmso-fareast-font-family:&quot;Times New Roman&quot;;color:white;mso-font-kerning:0pt;\nmso-ligatures:none;mso-fareast-language:PT-BR\">ou ligue no (11) 9.3465-1128<\/span><\/b><b><span style=\"font-size:13.5pt;font-family:&quot;Open Sans&quot;,sans-serif;mso-fareast-font-family:\n&quot;Times New Roman&quot;;color:#17252A;mso-font-kerning:0pt;mso-ligatures:none;\nmso-fareast-language:PT-BR\"><o:p><\/o:p><\/span><\/b><\/p>\t\t\t\t\t\t<\/div>\n\t\t\t\t<\/div>\n\t\t\t\t\t<\/div>\n\t\t<\/div>\n\t\t\t\t<div class=\"elementor-column elementor-col-33 elementor-top-column elementor-element elementor-element-80b440f\" data-id=\"80b440f\" data-element_type=\"column\">\n\t\t\t<div class=\"elementor-widget-wrap elementor-element-populated\">\n\t\t\t\t\t\t<div class=\"elementor-element elementor-element-5589ce0 elementor-view-default elementor-widget elementor-widget-icon\" data-id=\"5589ce0\" data-element_type=\"widget\" data-widget_type=\"icon.default\">\n\t\t\t\t<div class=\"elementor-widget-container\">\n\t\t\t\t\t<div class=\"elementor-icon-wrapper\">\n\t\t\t<div class=\"elementor-icon\">\n\t\t\t<i aria-hidden=\"true\" class=\"fas fa-certificate\"><\/i>\t\t\t<\/div>\n\t\t<\/div>\n\t\t\t\t<\/div>\n\t\t\t\t<\/div>\n\t\t\t\t<div class=\"elementor-element elementor-element-856096a elementor-widget__width-initial elementor-widget elementor-widget-text-editor\" data-id=\"856096a\" data-element_type=\"widget\" data-widget_type=\"text-editor.default\">\n\t\t\t\t<div class=\"elementor-widget-container\">\n\t\t\t\t\t\t\t<p><img decoding=\"async\" class=\"alignnone \" src=\"https:\/\/mistercapas.com.br\/wp-content\/uploads\/2020\/11\/RA1000b.png\" width=\"223\" height=\"167\" \/><\/p>\t\t\t\t\t\t<\/div>\n\t\t\t\t<\/div>\n\t\t\t\t\t<\/div>\n\t\t<\/div>\n\t\t\t\t\t<\/div>\n\t\t<\/section>\n\t\t\t\t<\/div>\n\t\t","protected":false},"excerpt":{"rendered":"<p>N\u00f3s das Capas SM, Estamos empenhados em fornecer capas automotivas de alta qualidade, desenvolvidas com os mais rigorosos crit\u00e9rios de qualidade e materiais de alta resist\u00eancia. Nossas capas s\u00e3o projetadas para garantir que seu ve\u00edculo mantenha uma pintura sempre nova, protegendo-o de ac\u00famulo de poeira e outros agentes poluentes que podem danificar a pintura ao [&hellip;]<\/p>\n","protected":false},"author":2,"featured_media":0,"parent":0,"menu_order":0,"comment_status":"closed","ping_status":"closed","template":"page-templates\/full-width-page.php","meta":{"_joinchat":[],"footnotes":""},"class_list":["post-73","page","type-page","status-publish","hentry"],"_links":{"self":[{"href":"https:\/\/capassm.com.br\/site\/wp-json\/wp\/v2\/pages\/73","targetHints":{"allow":["GET"]}}],"collection":[{"href":"https:\/\/capassm.com.br\/site\/wp-json\/wp\/v2\/pages"}],"about":[{"href":"https:\/\/capassm.com.br\/site\/wp-json\/wp\/v2\/types\/page"}],"author":[{"embeddable":true,"href":"https:\/\/capassm.com.br\/site\/wp-json\/wp\/v2\/users\/2"}],"replies":[{"embeddable":true,"href":"https:\/\/capassm.com.br\/site\/wp-json\/wp\/v2\/comments?post=73"}],"version-history":[{"count":20,"href":"https:\/\/capassm.com.br\/site\/wp-json\/wp\/v2\/pages\/73\/revisions"}],"predecessor-version":[{"id":2281,"href":"https:\/\/capassm.com.br\/site\/wp-json\/wp\/v2\/pages\/73\/revisions\/2281"}],"wp:attachment":[{"href":"https:\/\/capassm.com.br\/site\/wp-json\/wp\/v2\/media?parent=73"}],"curies":[{"name":"wp","href":"https:\/\/api.w.org\/{rel}","templated":true}]}}