{"id":621,"date":"2022-07-23T09:27:05","date_gmt":"2022-07-23T09:27:05","guid":{"rendered":"https:\/\/startersites.io\/elementor\/home-decor\/?page_id=621"},"modified":"2024-06-10T13:54:49","modified_gmt":"2024-06-10T13:54:49","slug":"about-us","status":"publish","type":"page","link":"https:\/\/capassm.com.br\/site\/about-us\/","title":{"rendered":"Quem Somos"},"content":{"rendered":"\t\t<div data-elementor-type=\"wp-page\" data-elementor-id=\"621\" class=\"elementor elementor-621\">\n\t\t\t\t\t\t<section class=\"elementor-section elementor-top-section elementor-element elementor-element-8bceebf elementor-section-boxed elementor-section-height-default elementor-section-height-default\" data-id=\"8bceebf\" data-element_type=\"section\">\n\t\t\t\t\t\t<div class=\"elementor-container elementor-column-gap-default\">\n\t\t\t\t\t<div class=\"elementor-column elementor-col-50 elementor-top-column elementor-element elementor-element-0043638\" data-id=\"0043638\" data-element_type=\"column\">\n\t\t\t<div class=\"elementor-widget-wrap elementor-element-populated\">\n\t\t\t\t\t\t<div class=\"elementor-element elementor-element-553e12b elementor-invisible elementor-widget elementor-widget-heading\" data-id=\"553e12b\" data-element_type=\"widget\" data-settings=\"{&quot;_animation&quot;:&quot;fadeInDown&quot;}\" data-widget_type=\"heading.default\">\n\t\t\t\t<div class=\"elementor-widget-container\">\n\t\t\t<span class=\"elementor-heading-title elementor-size-default\">A <b>Capas SM<\/b> \"Sob Medida\", a mais de 15 anos no mercado de capas, produzimos capas automotivas, capas para Quiosques e capas Industriais, oferecendo a nossos clientes, produtos desenvolvidos a partir de rigorosos crit\u00e9rios de qualidade e mat\u00e9ria-prima de alta resist\u00eancia, para proporcionar ao seu patrim\u00f4neo, prote\u00e7\u00e3o contra, riscos, poeira, clima adverso,  roubo, vandalismo, protegendo desta maneira de quaisquer agentes externos que possam danific\u00e1-los.\n<br>\n<b>Capas SM<\/b> \u00e9 uma refer\u00eancia nacional no ramo de capas sob medida, atendendo a uma ampla gama de necessidades, desde carros e motos importados at\u00e9 quiosques, stands, feiras, eventos e congressos. \n Atendemos com excel\u00eancia e primor em todo Brasil no ramo de capas sob medida para: carros, quiosques, stands, feiras, eventos e congressos, capas para carros importados, personalizados e de colecionar, para motos importadas, entre outros.\n<br>\nFabricadas com tecido microtel aveludado, nylon rohodia impermiavel e siliconizado, elanca lycra cor a escolher para eventos, as Capas SM s\u00e3o altamente imperme\u00e1veis e podem ser fechadas por meio de cabos de a\u00e7o, cadeado e zipper.\n<br>\nNosso compromisso com a excel\u00eancia e primor \u00e9 evidente em cada produto que fabricamos.\n<\/span>\t\t<\/div>\n\t\t\t\t<\/div>\n\t\t\t\t\t<\/div>\n\t\t<\/div>\n\t\t\t\t<div class=\"elementor-column elementor-col-50 elementor-top-column elementor-element elementor-element-c956131\" data-id=\"c956131\" data-element_type=\"column\">\n\t\t\t<div class=\"elementor-widget-wrap elementor-element-populated\">\n\t\t\t\t\t\t<div class=\"elementor-element elementor-element-7fef118 elementor-widget__width-initial elementor-absolute elementor-invisible elementor-widget elementor-widget-image\" data-id=\"7fef118\" data-element_type=\"widget\" data-settings=\"{&quot;_position&quot;:&quot;absolute&quot;,&quot;_animation&quot;:&quot;fadeInDown&quot;}\" data-widget_type=\"image.default\">\n\t\t\t\t<div class=\"elementor-widget-container\">\n\t\t\t\t\t\t\t\t\t\t\t\t\t<img fetchpriority=\"high\" decoding=\"async\" width=\"467\" height=\"622\" src=\"https:\/\/capassm.com.br\/site\/wp-content\/uploads\/2024\/06\/Captura-de-tela-2024-06-05-082034.png\" class=\"attachment-large size-large wp-image-2194\" alt=\"\" srcset=\"https:\/\/capassm.com.br\/site\/wp-content\/uploads\/2024\/06\/Captura-de-tela-2024-06-05-082034.png 467w, https:\/\/capassm.com.br\/site\/wp-content\/uploads\/2024\/06\/Captura-de-tela-2024-06-05-082034-225x300.png 225w\" sizes=\"(max-width: 467px) 100vw, 467px\" \/>\t\t\t\t\t\t\t\t\t\t\t\t\t<\/div>\n\t\t\t\t<\/div>\n\t\t\t\t\t<\/div>\n\t\t<\/div>\n\t\t\t\t\t<\/div>\n\t\t<\/section>\n\t\t\t\t<section class=\"elementor-section elementor-top-section elementor-element elementor-element-510af01 elementor-section-full_width elementor-section-stretched ops-section elementor-section-height-default elementor-section-height-default\" data-id=\"510af01\" data-element_type=\"section\" data-settings=\"{&quot;background_background&quot;:&quot;classic&quot;,&quot;stretch_section&quot;:&quot;section-stretched&quot;,&quot;ekit_has_onepagescroll&quot;:&quot;section&quot;}\">\n\t\t\t\t\t\t<div class=\"elementor-container elementor-column-gap-default\">\n\t\t\t\t\t<div class=\"elementor-column elementor-col-33 elementor-top-column elementor-element elementor-element-f8042a2\" data-id=\"f8042a2\" data-element_type=\"column\">\n\t\t\t<div class=\"elementor-widget-wrap elementor-element-populated\">\n\t\t\t\t\t\t<div class=\"elementor-element elementor-element-91dd1a7 elementor-widget elementor-widget-text-editor\" data-id=\"91dd1a7\" data-element_type=\"widget\" data-widget_type=\"text-editor.default\">\n\t\t\t\t<div class=\"elementor-widget-container\">\n\t\t\t\t\t\t\t<p><em><span style=\"color: #ffffff;\"><strong>Capas sob medida para proteger o suas conquistas.<\/strong><\/span><\/em><\/p>\t\t\t\t\t\t<\/div>\n\t\t\t\t<\/div>\n\t\t\t\t<div class=\"elementor-element elementor-element-69291e0 elementor-widget elementor-widget-image\" data-id=\"69291e0\" data-element_type=\"widget\" data-widget_type=\"image.default\">\n\t\t\t\t<div class=\"elementor-widget-container\">\n\t\t\t\t\t\t\t\t\t\t\t\t\t\t<a href=\"https:\/\/wpmet.com\/plugin\/elementskit\/\">\n\t\t\t\t\t\t\t<img decoding=\"async\" width=\"120\" height=\"132\" src=\"https:\/\/capassm.com.br\/site\/wp-content\/uploads\/2020\/11\/cropped-cropped-cropped-LOGO-RA-1-1-e1716737910799.png\" class=\"attachment-full size-full wp-image-1709\" alt=\"\" \/>\t\t\t\t\t\t\t\t<\/a>\n\t\t\t\t\t\t\t\t\t\t\t\t\t<\/div>\n\t\t\t\t<\/div>\n\t\t\t\t<div class=\"elementor-element elementor-element-26ce51b elementor-widget elementor-widget-elementskit-social-media\" data-id=\"26ce51b\" data-element_type=\"widget\" data-widget_type=\"elementskit-social-media.default\">\n\t\t\t\t<div class=\"elementor-widget-container\">\n\t\t\t<div class=\"ekit-wid-con\" >\t\t\t <ul class=\"ekit_social_media\">\n\t\t\t\t\t\t\t\t\t\t\t\t\t\t<li class=\"elementor-repeater-item-da8f4de\">\n\t\t\t\t\t    <a\n\t\t\t\t\t\thref=\"#\" aria-label=\"Facebook\" class=\"f\" >\n\t\t\t\t\t\t\t\t\t\t\t\t\t\t\n\t\t\t\t\t\t\t<i aria-hidden=\"true\" class=\"fab fa-facebook-f\"><\/i>\t\t\t\t\t\t\t\t\t\n                                                                                                            <\/a>\n                    <\/li>\n                    \t\t\t\t\t\t\t\t\t\t\t\t\t\t<li class=\"elementor-repeater-item-1399011\">\n\t\t\t\t\t    <a\n\t\t\t\t\t\thref=\"#\" aria-label=\"Twitter\" class=\"twitter\" >\n\t\t\t\t\t\t\t\t\t\t\t\t\t\t\n\t\t\t\t\t\t\t<i aria-hidden=\"true\" class=\"fab fa-twitter\"><\/i>\t\t\t\t\t\t\t\t\t\n                                                                                                            <\/a>\n                    <\/li>\n                    \t\t\t\t\t\t\t\t\t\t\t\t\t\t<li class=\"elementor-repeater-item-8f886e8\">\n\t\t\t\t\t    <a\n\t\t\t\t\t\thref=\"#\" aria-label=\"LinkedIn\" class=\"in\" >\n\t\t\t\t\t\t\t\t\t\t\t\t\t\t\n\t\t\t\t\t\t\t<i aria-hidden=\"true\" class=\"fab fa-linkedin-in\"><\/i>\t\t\t\t\t\t\t\t\t\n                                                                                                            <\/a>\n                    <\/li>\n                    \t\t\t\t\t\t\t\t\t\t\t\t\t\t<li class=\"elementor-repeater-item-048c536\">\n\t\t\t\t\t    <a\n\t\t\t\t\t\thref=\"#\" aria-label=\"dribbble\" class=\"dribbble\" >\n\t\t\t\t\t\t\t\t\t\t\t\t\t\t\n\t\t\t\t\t\t\t<i aria-hidden=\"true\" class=\"fab fa-dribbble\"><\/i>\t\t\t\t\t\t\t\t\t\n                                                                                                            <\/a>\n                    <\/li>\n                    \t\t\t\t\t\t\t\t\t\t\t\t\t\t<li class=\"elementor-repeater-item-c8596be\">\n\t\t\t\t\t    <a\n\t\t\t\t\t\thref=\"#\" aria-label=\"Instagram\" class=\"instagram\" >\n\t\t\t\t\t\t\t\t\t\t\t\t\t\t\n\t\t\t\t\t\t\t<i aria-hidden=\"true\" class=\"fab fa-instagram\"><\/i>\t\t\t\t\t\t\t\t\t\n                                                                                                            <\/a>\n                    <\/li>\n                    \t\t\t\t\t\t\t<\/ul>\n\t\t<\/div>\t\t<\/div>\n\t\t\t\t<\/div>\n\t\t\t\t\t<\/div>\n\t\t<\/div>\n\t\t\t\t<div class=\"elementor-column elementor-col-33 elementor-top-column elementor-element elementor-element-1f6f80a\" data-id=\"1f6f80a\" data-element_type=\"column\">\n\t\t\t<div class=\"elementor-widget-wrap elementor-element-populated\">\n\t\t\t\t\t\t<div class=\"elementor-element elementor-element-38efce0 elementor-view-default elementor-widget elementor-widget-icon\" data-id=\"38efce0\" data-element_type=\"widget\" data-widget_type=\"icon.default\">\n\t\t\t\t<div class=\"elementor-widget-container\">\n\t\t\t\t\t<div class=\"elementor-icon-wrapper\">\n\t\t\t<div class=\"elementor-icon\">\n\t\t\t<i aria-hidden=\"true\" class=\"far fa-address-card\"><\/i>\t\t\t<\/div>\n\t\t<\/div>\n\t\t\t\t<\/div>\n\t\t\t\t<\/div>\n\t\t\t\t<div class=\"elementor-element elementor-element-5554d4e elementor-widget elementor-widget-text-editor\" data-id=\"5554d4e\" data-element_type=\"widget\" data-widget_type=\"text-editor.default\">\n\t\t\t\t<div class=\"elementor-widget-container\">\n\t\t\t\t\t\t\t<p class=\"MsoNormal\" style=\"margin-bottom: 0cm; line-height: normal; background-image: initial; background-position: initial; background-size: initial; background-repeat: initial; background-attachment: initial; background-origin: initial; background-clip: initial;\"><b><span style=\"font-size:13.5pt;font-family:&quot;Open Sans&quot;,sans-serif;\nmso-fareast-font-family:&quot;Times New Roman&quot;;color:white;mso-font-kerning:0pt;\nmso-ligatures:none;mso-fareast-language:PT-BR\">Comercial: Segunda a Sexta, das\n8 \u00e0s 18hs<\/span><\/b><b><span style=\"font-size:13.5pt;font-family:&quot;Open Sans&quot;,sans-serif;\nmso-fareast-font-family:&quot;Times New Roman&quot;;color:#17252A;mso-font-kerning:0pt;\nmso-ligatures:none;mso-fareast-language:PT-BR\"><br>\n<br>\n<\/span><\/b><b><span style=\"font-size:13.5pt;font-family:&quot;Open Sans&quot;,sans-serif;\nmso-fareast-font-family:&quot;Times New Roman&quot;;color:white;mso-font-kerning:0pt;\nmso-ligatures:none;mso-fareast-language:PT-BR\">E-mail: <\/span><\/b><b><span style=\"font-size:13.5pt;font-family:&quot;Open Sans&quot;,sans-serif;mso-fareast-font-family:\n&quot;Times New Roman&quot;;color:white;mso-themecolor:background1;mso-font-kerning:0pt;\nmso-ligatures:none;mso-fareast-language:PT-BR\"><a href=\"mailto:capassm@yahoo.com.br\"><span style=\"color:white;mso-themecolor:\nbackground1\">capassm@yahoo.com.br<\/span><\/a><\/span><\/b><b><span style=\"font-size:13.5pt;font-family:&quot;Open Sans&quot;,sans-serif;mso-fareast-font-family:\n&quot;Times New Roman&quot;;color:#17252A;mso-font-kerning:0pt;mso-ligatures:none;\nmso-fareast-language:PT-BR\"><br>\n<br>\n<\/span><\/b><b><span style=\"font-size:13.5pt;font-family:&quot;Open Sans&quot;,sans-serif;\nmso-fareast-font-family:&quot;Times New Roman&quot;;color:white;mso-font-kerning:0pt;\nmso-ligatures:none;mso-fareast-language:PT-BR\">WhatsApp: (11) 9.4739-2760<\/span><\/b><b><span style=\"font-size:13.5pt;font-family:&quot;Open Sans&quot;,sans-serif;mso-fareast-font-family:\n&quot;Times New Roman&quot;;color:#17252A;mso-font-kerning:0pt;mso-ligatures:none;\nmso-fareast-language:PT-BR\"><br>\n<br>\n<\/span><\/b><b><span style=\"font-size:13.5pt;font-family:&quot;Open Sans&quot;,sans-serif;\nmso-fareast-font-family:&quot;Times New Roman&quot;;color:white;mso-font-kerning:0pt;\nmso-ligatures:none;mso-fareast-language:PT-BR\">ou ligue no (11) 9.3465-1128<\/span><\/b><b><span style=\"font-size:13.5pt;font-family:&quot;Open Sans&quot;,sans-serif;mso-fareast-font-family:\n&quot;Times New Roman&quot;;color:#17252A;mso-font-kerning:0pt;mso-ligatures:none;\nmso-fareast-language:PT-BR\"><o:p><\/o:p><\/span><\/b><\/p>\t\t\t\t\t\t<\/div>\n\t\t\t\t<\/div>\n\t\t\t\t\t<\/div>\n\t\t<\/div>\n\t\t\t\t<div class=\"elementor-column elementor-col-33 elementor-top-column elementor-element elementor-element-eaa6f70\" data-id=\"eaa6f70\" data-element_type=\"column\">\n\t\t\t<div class=\"elementor-widget-wrap elementor-element-populated\">\n\t\t\t\t\t\t<div class=\"elementor-element elementor-element-8f4cfa6 elementor-view-default elementor-widget elementor-widget-icon\" data-id=\"8f4cfa6\" data-element_type=\"widget\" data-widget_type=\"icon.default\">\n\t\t\t\t<div class=\"elementor-widget-container\">\n\t\t\t\t\t<div class=\"elementor-icon-wrapper\">\n\t\t\t<div class=\"elementor-icon\">\n\t\t\t<i aria-hidden=\"true\" class=\"fas fa-certificate\"><\/i>\t\t\t<\/div>\n\t\t<\/div>\n\t\t\t\t<\/div>\n\t\t\t\t<\/div>\n\t\t\t\t<div class=\"elementor-element elementor-element-9a2913f elementor-widget__width-initial elementor-widget elementor-widget-text-editor\" data-id=\"9a2913f\" data-element_type=\"widget\" data-widget_type=\"text-editor.default\">\n\t\t\t\t<div class=\"elementor-widget-container\">\n\t\t\t\t\t\t\t<p><img decoding=\"async\" class=\"alignnone \" src=\"https:\/\/mistercapas.com.br\/wp-content\/uploads\/2020\/11\/RA1000b.png\" width=\"223\" height=\"167\" \/><\/p>\t\t\t\t\t\t<\/div>\n\t\t\t\t<\/div>\n\t\t\t\t\t<\/div>\n\t\t<\/div>\n\t\t\t\t\t<\/div>\n\t\t<\/section>\n\t\t\t\t<\/div>\n\t\t","protected":false},"excerpt":{"rendered":"<p>A Capas SM &#8220;Sob Medida&#8221;, a mais de 15 anos no mercado de capas, produzimos capas automotivas, capas para Quiosques e capas Industriais, oferecendo a nossos clientes, produtos desenvolvidos a partir de rigorosos crit\u00e9rios de qualidade e mat\u00e9ria-prima de alta resist\u00eancia, para proporcionar ao seu patrim\u00f4neo, prote\u00e7\u00e3o contra, riscos, poeira, clima adverso, roubo, vandalismo, protegendo [&hellip;]<\/p>\n","protected":false},"author":2,"featured_media":0,"parent":0,"menu_order":0,"comment_status":"closed","ping_status":"closed","template":"","meta":{"_joinchat":[],"footnotes":""},"class_list":["post-621","page","type-page","status-publish","hentry"],"_links":{"self":[{"href":"https:\/\/capassm.com.br\/site\/wp-json\/wp\/v2\/pages\/621","targetHints":{"allow":["GET"]}}],"collection":[{"href":"https:\/\/capassm.com.br\/site\/wp-json\/wp\/v2\/pages"}],"about":[{"href":"https:\/\/capassm.com.br\/site\/wp-json\/wp\/v2\/types\/page"}],"author":[{"embeddable":true,"href":"https:\/\/capassm.com.br\/site\/wp-json\/wp\/v2\/users\/2"}],"replies":[{"embeddable":true,"href":"https:\/\/capassm.com.br\/site\/wp-json\/wp\/v2\/comments?post=621"}],"version-history":[{"count":22,"href":"https:\/\/capassm.com.br\/site\/wp-json\/wp\/v2\/pages\/621\/revisions"}],"predecessor-version":[{"id":2234,"href":"https:\/\/capassm.com.br\/site\/wp-json\/wp\/v2\/pages\/621\/revisions\/2234"}],"wp:attachment":[{"href":"https:\/\/capassm.com.br\/site\/wp-json\/wp\/v2\/media?parent=621"}],"curies":[{"name":"wp","href":"https:\/\/api.w.org\/{rel}","templated":true}]}}